{"id":135,"date":"2020-11-16T22:10:31","date_gmt":"2020-11-16T21:10:31","guid":{"rendered":"https:\/\/reinach.fr\/ferme-reinach\/?page_id=135"},"modified":"2023-01-30T09:44:09","modified_gmt":"2023-01-30T08:44:09","slug":"cgu","status":"publish","type":"page","link":"https:\/\/reinach.fr\/fermereinach\/cgu\/","title":{"rendered":"CGU"},"content":{"rendered":"\n<p>Les pr\u00e9sentes conditions g\u00e9n\u00e9rales r\u00e9gissent l&rsquo;utilisation du site commercial reinach.fr.<br>Ce site appartient et est g\u00e9r\u00e9 par l&rsquo;EPLEFPPA de la Motte-Servolex.<br>En utilisant ce site, vous indiquez que vous avez lu et compris les conditions d&rsquo;utilisation et que vous acceptez de les utiliser en tout temps.<br>Type de site : e-commerce de produits alimentaires<\/p>\n\n\n\n<p class=\"has-white-background-color has-background has-large-font-size\">Propri\u00e9t\u00e9s intellectuelles<\/p>\n\n\n\n<p>Tout contenu publi\u00e9 et mis \u00e0 disposition sur ce site est la propri\u00e9t\u00e9 de l&rsquo;EPLEFPPA de la Motte-Servolex et de ses cr\u00e9ateurs.<\/p>\n\n\n\n<p class=\"has-white-background-color has-background has-large-font-size\">Comptes<\/p>\n\n\n\n<p>Lorsque vous cr\u00e9ez un compte sur ce site, vous acceptez ce qui suit :<br>&#8211; que vous \u00eates seul responsable de votre compte, de la s\u00e9curit\u00e9 et de la confidentialit\u00e9 de votre compte.<br>&#8211; que tous les renseignements personnels que vous nous fournissez par l&rsquo;entreprise de votre compte sont \u00e0 ce jour, exacts et v\u00e9ridiques et vous mettrez \u00e0 jour vos renseignements personnels s&rsquo;ils changent<\/p>\n\n\n\n<p>Nous nous r\u00e9servons le droit de suspendre ou de r\u00e9silier votre compte si vous utilisez notre site ill\u00e9galement ou si vous violez les conditions d&rsquo;utilisation acceptable.<\/p>\n\n\n\n<p class=\"has-white-background-color has-background has-large-font-size\">Paiements<\/p>\n\n\n\n<p>A ce jour, le site n&rsquo;accepte pas les paiements d\u00e9mat\u00e9rialis\u00e9s.<br>Le r\u00e8glement se fera lors de la livraison sur site. Nous acceptons les paiements en esp\u00e8ces, par ch\u00e8que bancaire et par carte bancaire.<\/p>\n\n\n\n<p class=\"has-white-background-color has-background has-large-font-size\">Limitations de responsabilit\u00e9<\/p>\n\n\n\n<p>L&rsquo;EPLFPPA de La Motte-Servolex ou l&rsquo;un de ses employ\u00e9s sera tenu responsable de tout probl\u00e8me d\u00e9coulant de ce site. N\u00e9anmoins, l&rsquo;EPFEPPA La Motte-Servolex et ses employ\u00e9s ne seront pas tenus responsables de tout probl\u00e8me d\u00e9coulant de toute utilisations irr\u00e9guli\u00e8re de ce site.<\/p>\n\n\n\n<p class=\"has-white-background-color has-background has-large-font-size\">Lois applicables<\/p>\n\n\n\n<p>Ce document est soumis aux lois applicables en France et vise \u00e0 se conformer \u00e0 ses r\u00e8gles et r\u00e8glements n\u00e9cessaires. Cela inclut la r\u00e8glementation \u00e0 l&rsquo;\u00e9chelle de l&rsquo;UE \u00e9nonc\u00e9e dans le RGPD<\/p>\n\n\n\n<p class=\"has-white-background-color has-background has-large-font-size\">Contacts<\/p>\n\n\n\n<p>Responsable de l&rsquo;atelier technologique : Ma\u00eflys CHOPIN<br>EPLEFPPA La Motte-Servolex &#8211; 1031, Avenue Charles Albert &#8211; 73290 La Motte-Servolex<br>T\u00e9l : 04 79 44 47 44 \/ 04 79 25 60 89<br>M\u00e9l : expl.la-motte-servolex@educagri.fr<\/p>\n","protected":false},"excerpt":{"rendered":"<p>Les pr\u00e9sentes conditions g\u00e9n\u00e9rales r\u00e9gissent l&rsquo;utilisation du site commercial reinach.fr.Ce site appartient et est g\u00e9r\u00e9 par l&rsquo;EPLEFPPA de la Motte-Servolex.En utilisant ce site, vous indiquez que vous avez lu et compris les conditions d&rsquo;utilisation et que vous acceptez de les utiliser en tout temps.Type de site : e-commerce de produits alimentaires Propri\u00e9t\u00e9s intellectuelles Tout contenu [&hellip;]<\/p>\n","protected":false},"author":1,"featured_media":0,"parent":0,"menu_order":7,"comment_status":"closed","ping_status":"closed","template":"","meta":{"footnotes":""},"class_list":["post-135","page","type-page","status-publish","hentry"],"_links":{"self":[{"href":"https:\/\/reinach.fr\/fermereinach\/wp-json\/wp\/v2\/pages\/135","targetHints":{"allow":["GET"]}}],"collection":[{"href":"https:\/\/reinach.fr\/fermereinach\/wp-json\/wp\/v2\/pages"}],"about":[{"href":"https:\/\/reinach.fr\/fermereinach\/wp-json\/wp\/v2\/types\/page"}],"author":[{"embeddable":true,"href":"https:\/\/reinach.fr\/fermereinach\/wp-json\/wp\/v2\/users\/1"}],"replies":[{"embeddable":true,"href":"https:\/\/reinach.fr\/fermereinach\/wp-json\/wp\/v2\/comments?post=135"}],"version-history":[{"count":26,"href":"https:\/\/reinach.fr\/fermereinach\/wp-json\/wp\/v2\/pages\/135\/revisions"}],"predecessor-version":[{"id":570,"href":"https:\/\/reinach.fr\/fermereinach\/wp-json\/wp\/v2\/pages\/135\/revisions\/570"}],"wp:attachment":[{"href":"https:\/\/reinach.fr\/fermereinach\/wp-json\/wp\/v2\/media?parent=135"}],"curies":[{"name":"wp","href":"https:\/\/api.w.org\/{rel}","templated":true}]}}