{"id":200,"date":"2020-11-18T21:18:31","date_gmt":"2020-11-18T20:18:31","guid":{"rendered":"https:\/\/reinach.fr\/ferme-reinach\/page-daccueil\/"},"modified":"2024-11-18T18:15:12","modified_gmt":"2024-11-18T17:15:12","slug":"page-daccueil","status":"publish","type":"page","link":"https:\/\/reinach.fr\/fermereinach\/","title":{"rendered":"Page d\u2019accueil"},"content":{"rendered":"\n<div class=\"wp-block-group\"><div class=\"wp-block-group__inner-container is-layout-flow wp-block-group-is-layout-flow\">\n<p class=\"has-text-align-center has-large-font-size\"><strong><mark style=\"background-color:rgba(0, 0, 0, 0)\" class=\"has-inline-color has-luminous-vivid-orange-color\">Le magasin sera ouvert tous les jours en d\u00e9cembre jusqu&rsquo;au 24 : du lundi au samedi de 10h \u00e0 17h30 <\/mark><\/strong><\/p>\n\n\n\n<p class=\"has-text-align-center has-large-font-size\"><mark style=\"background-color:rgba(0, 0, 0, 0)\" class=\"has-inline-color has-luminous-vivid-orange-color\">Le reste de l&rsquo;ann\u00e9e, la magasin vous accueille le vendredi de 15h \u00e0 17h30. <\/mark><\/p>\n\n\n\n<p class=\"has-text-align-center has-large-font-size\"><mark style=\"background-color:rgba(0, 0, 0, 0)\" class=\"has-inline-color has-luminous-vivid-orange-color\">V<strong>ente \u00e9galement possible \u00e0 la fromagerie le samedi de 8h30 \u00e0 11h00<\/strong><\/mark><\/p>\n\n\n\n<p class=\"has-text-align-center has-large-font-size\"><\/p>\n\n\n\n<p><\/p>\n\n\n\n<p class=\"has-text-align-center has-vivid-red-color has-text-color has-huge-font-size\">  <\/p>\n\n\n\n<p><\/p>\n\n\n\n<div class=\"wp-block-cover is-light has-custom-content-position is-position-top-center\"><span aria-hidden=\"true\" class=\"has-white-background-color has-background-dim-0 wp-block-cover__gradient-background has-background-dim\"><\/span><img loading=\"lazy\" decoding=\"async\" width=\"2560\" height=\"1920\" class=\"wp-block-cover__image-background wp-image-603\" alt=\"\" src=\"https:\/\/reinach.fr\/fermereinach\/wp-content\/uploads\/2023\/11\/Vaches-chateau-scaled.jpg\" data-object-fit=\"cover\" srcset=\"https:\/\/reinach.fr\/fermereinach\/wp-content\/uploads\/2023\/11\/Vaches-chateau-scaled.jpg 2560w, https:\/\/reinach.fr\/fermereinach\/wp-content\/uploads\/2023\/11\/Vaches-chateau-300x225.jpg 300w, https:\/\/reinach.fr\/fermereinach\/wp-content\/uploads\/2023\/11\/Vaches-chateau-1024x768.jpg 1024w, https:\/\/reinach.fr\/fermereinach\/wp-content\/uploads\/2023\/11\/Vaches-chateau-768x576.jpg 768w, https:\/\/reinach.fr\/fermereinach\/wp-content\/uploads\/2023\/11\/Vaches-chateau-1536x1152.jpg 1536w, https:\/\/reinach.fr\/fermereinach\/wp-content\/uploads\/2023\/11\/Vaches-chateau-2048x1536.jpg 2048w, https:\/\/reinach.fr\/fermereinach\/wp-content\/uploads\/2023\/11\/Vaches-chateau-530x398.jpg 530w\" sizes=\"auto, (max-width: 2560px) 100vw, 2560px\" \/><div class=\"wp-block-cover__inner-container is-layout-flow wp-block-cover-is-layout-flow\">\n<p class=\"has-text-align-left has-vivid-red-color has-text-color has-large-font-size\"><strong>La ferme Reinach vous propose ses produits fermiers <\/strong><\/p>\n\n\n\n<p class=\"has-text-align-right has-vivid-red-color has-text-color has-large-font-size\"><strong>&#8211; Escargots n\u00e9s, \u00e9lev\u00e9s et cuisin\u00e9s sur place<br>&#8211; Gamme de fromages au lait cru fabriqu\u00e9s<\/strong> <strong>sur place<\/strong><br><strong>\u00e0 partir du lait de nos vaches<br>&#8211; Colis de viande, steaks hach\u00e9s surgel\u00e9s, saucissons<\/strong><br><strong>issus des animaux de notre troupeau<\/strong><\/p>\n\n\n\n<div style=\"height:21px\" aria-hidden=\"true\" class=\"wp-block-spacer\"><\/div>\n\n\n\n<div style=\"height:454px\" aria-hidden=\"true\" class=\"wp-block-spacer\"><\/div>\n\n\n\n<div style=\"height:219px\" aria-hidden=\"true\" class=\"wp-block-spacer\"><\/div>\n\n\n\n<div class=\"wp-block-button aligncenter is-style-fill\"><a class=\"wp-block-button__link\" href=\"https:\/\/reinach.fr\/fermereinach\/boutique-2\">D\u00e9couvrir nos produits<\/a><\/div>\n\n\n\n<p><\/p>\n\n\n\n<p><\/p>\n\n\n\n<p><\/p>\n\n\n\n<p><\/p>\n\n\n\n<p><\/p>\n\n\n\n<p><\/p>\n\n\n\n<p><\/p>\n\n\n\n<p><\/p>\n\n\n\n<p><\/p>\n\n\n\n<p><\/p>\n\n\n\n<p><\/p>\n\n\n\n<p><\/p>\n\n\n\n<p><\/p>\n\n\n\n<p><\/p>\n\n\n\n<p><\/p>\n\n\n\n<p><\/p>\n\n\n\n<p><\/p>\n\n\n\n<p><\/p>\n\n\n\n<p><\/p>\n\n\n\n<p><\/p>\n\n\n\n<p><\/p>\n\n\n\n<p><\/p>\n\n\n\n<p><\/p>\n\n\n\n<p><\/p>\n\n\n\n<p><\/p>\n\n\n\n<p><\/p>\n\n\n\n<p><\/p>\n\n\n\n<p class=\"has-text-align-center has-luminous-vivid-orange-color has-text-color has-huge-font-size\"><strong>LA COMMANDE EN LIGNE EST POSSIBLE<\/strong><br><\/p>\n<\/div><\/div>\n<\/div><\/div>\n\n\n\n<p><\/p>\n\n\n\n<p><\/p>\n","protected":false},"excerpt":{"rendered":"<p>Le magasin sera ouvert tous les jours en d\u00e9cembre jusqu&rsquo;au 24 : du lundi au samedi de 10h \u00e0 17h30 Le reste de l&rsquo;ann\u00e9e, la magasin vous accueille le vendredi de 15h \u00e0 17h30. Vente \u00e9galement possible \u00e0 la fromagerie le samedi de 8h30 \u00e0 11h00<\/p>\n","protected":false},"author":1,"featured_media":0,"parent":0,"menu_order":0,"comment_status":"closed","ping_status":"closed","template":"","meta":{"footnotes":""},"class_list":["post-200","page","type-page","status-publish","hentry"],"_links":{"self":[{"href":"https:\/\/reinach.fr\/fermereinach\/wp-json\/wp\/v2\/pages\/200","targetHints":{"allow":["GET"]}}],"collection":[{"href":"https:\/\/reinach.fr\/fermereinach\/wp-json\/wp\/v2\/pages"}],"about":[{"href":"https:\/\/reinach.fr\/fermereinach\/wp-json\/wp\/v2\/types\/page"}],"author":[{"embeddable":true,"href":"https:\/\/reinach.fr\/fermereinach\/wp-json\/wp\/v2\/users\/1"}],"replies":[{"embeddable":true,"href":"https:\/\/reinach.fr\/fermereinach\/wp-json\/wp\/v2\/comments?post=200"}],"version-history":[{"count":117,"href":"https:\/\/reinach.fr\/fermereinach\/wp-json\/wp\/v2\/pages\/200\/revisions"}],"predecessor-version":[{"id":796,"href":"https:\/\/reinach.fr\/fermereinach\/wp-json\/wp\/v2\/pages\/200\/revisions\/796"}],"wp:attachment":[{"href":"https:\/\/reinach.fr\/fermereinach\/wp-json\/wp\/v2\/media?parent=200"}],"curies":[{"name":"wp","href":"https:\/\/api.w.org\/{rel}","templated":true}]}}