{"id":8,"date":"2020-11-15T16:02:56","date_gmt":"2020-11-15T15:02:56","guid":{"rendered":"http:\/\/reinach.fr\/ferme-reinach\/commander\/"},"modified":"2023-12-13T11:33:08","modified_gmt":"2023-12-13T10:33:08","slug":"commander","status":"publish","type":"page","link":"https:\/\/reinach.fr\/fermereinach\/commander\/","title":{"rendered":"Validation de la commande"},"content":{"rendered":"\n<p class=\"has-text-align-center has-vivid-red-color has-text-color has-large-font-size\"><strong>INFORMATION IMPORTANTE<\/strong><\/p>\n\n\n\n<p class=\"has-text-align-center has-vivid-red-color has-text-color has-medium-font-size\">Le paiement et le retrait se font au magasin les jours ouvrables  &#8211; Pas de livraison \u00e0 domicile<br>D\u00e9lai minimum entre la commande et la livraison : <strong>Jour ouvr\u00e9 + 2<\/strong><\/p>\n\n\n<p>[woocommerce_checkout]<\/p>\n\n\n\n<p><\/p>\n","protected":false},"excerpt":{"rendered":"<p>INFORMATION IMPORTANTE Le paiement et le retrait se font au magasin les jours ouvrables &#8211; Pas de livraison \u00e0 domicileD\u00e9lai minimum entre la commande et la livraison : Jour ouvr\u00e9 + 2<\/p>\n","protected":false},"author":1,"featured_media":0,"parent":0,"menu_order":0,"comment_status":"closed","ping_status":"closed","template":"","meta":{"footnotes":""},"class_list":["post-8","page","type-page","status-publish","hentry"],"_links":{"self":[{"href":"https:\/\/reinach.fr\/fermereinach\/wp-json\/wp\/v2\/pages\/8","targetHints":{"allow":["GET"]}}],"collection":[{"href":"https:\/\/reinach.fr\/fermereinach\/wp-json\/wp\/v2\/pages"}],"about":[{"href":"https:\/\/reinach.fr\/fermereinach\/wp-json\/wp\/v2\/types\/page"}],"author":[{"embeddable":true,"href":"https:\/\/reinach.fr\/fermereinach\/wp-json\/wp\/v2\/users\/1"}],"replies":[{"embeddable":true,"href":"https:\/\/reinach.fr\/fermereinach\/wp-json\/wp\/v2\/comments?post=8"}],"version-history":[{"count":13,"href":"https:\/\/reinach.fr\/fermereinach\/wp-json\/wp\/v2\/pages\/8\/revisions"}],"predecessor-version":[{"id":669,"href":"https:\/\/reinach.fr\/fermereinach\/wp-json\/wp\/v2\/pages\/8\/revisions\/669"}],"wp:attachment":[{"href":"https:\/\/reinach.fr\/fermereinach\/wp-json\/wp\/v2\/media?parent=8"}],"curies":[{"name":"wp","href":"https:\/\/api.w.org\/{rel}","templated":true}]}}